{"id":37886,"date":"2025-12-03T17:19:38","date_gmt":"2025-12-03T17:19:38","guid":{"rendered":"https:\/\/portoinabottle.com\/terminos-y-condiciones\/"},"modified":"2026-01-07T21:48:39","modified_gmt":"2026-01-07T21:48:39","slug":"terminos-y-condiciones","status":"publish","type":"page","link":"https:\/\/portoinabottle.com\/es\/terminos-y-condiciones\/","title":{"rendered":"T\u00e9rminos y Condiciones"},"content":{"rendered":"\t\t<div data-elementor-type=\"wp-page\" data-elementor-id=\"37886\" class=\"elementor elementor-37886 elementor-37306\" data-elementor-post-type=\"page\">\n\t\t\t\t\t\t<section class=\"elementor-section elementor-top-section elementor-element elementor-element-c4c46e3 elementor-section-boxed elementor-section-height-default elementor-section-height-default sc_fly_static\" data-id=\"c4c46e3\" data-element_type=\"section\" data-e-type=\"section\">\n\t\t\t\t\t\t<div class=\"elementor-container elementor-column-gap-extended\">\n\t\t\t\t\t<div class=\"elementor-column elementor-col-100 elementor-top-column elementor-element elementor-element-ae0c457 sc_content_align_inherit sc_layouts_column_icons_position_left sc_fly_static\" data-id=\"ae0c457\" data-element_type=\"column\" data-e-type=\"column\">\n\t\t\t<div class=\"elementor-widget-wrap elementor-element-populated\">\n\t\t\t\t\t\t<div class=\"elementor-element elementor-element-92162d8 sc_fly_static elementor-widget elementor-widget-text-editor\" data-id=\"92162d8\" data-element_type=\"widget\" data-e-type=\"widget\" data-widget_type=\"text-editor.default\">\n\t\t\t\t<div class=\"elementor-widget-container\">\n\t\t\t\t\t\t\t\t\t<h1 data-start=\"309\" data-end=\"331\">T\u00c9RMINOS Y CONDICIONES<\/h1>\n<p data-start=\"333\" data-end=\"481\">Estos T\u00e9rminos y Condiciones rigen el uso del <a class=\"decorated-link\" href=\"http:\/\/www.portoinabottle.com\" target=\"_new\" rel=\"noopener\" data-start=\"397\" data-end=\"419\">sitio web www.portoinabottle.com<\/a> y todas las transacciones comerciales realizadas a trav\u00e9s de \u00e9l.<\/p>\n<p data-start=\"483\" data-end=\"624\">Al utilizar este sitio web y realizar un pedido, el usuario declara que ha le\u00eddo, entendido y acepta plenamente estas condiciones.<\/p>\n<hr data-start=\"626\" data-end=\"629\">\n<h2 data-start=\"631\" data-end=\"661\">1. Identificaci\u00f3n de la empresa<\/h2>\n<p data-start=\"663\" data-end=\"707\">La tienda online es propiedad y est\u00e1 gestionada por:<\/p>\n<p data-start=\"709\" data-end=\"872\"><strong data-start=\"709\" data-end=\"750\"><span class=\"hover:entity-accent entity-underline inline cursor-pointer align-baseline\"><span class=\"whitespace-normal\">Porto en una botella, Lda.<\/span><\/span><\/strong><br data-start=\"750\" data-end=\"753\">N\u00famero de IVA: <strong data-start=\"759\" data-end=\"774\">510 890 695<\/strong><br data-start=\"774\" data-end=\"777\">Direcci\u00f3n: <strong data-start=\"785\" data-end=\"826\">Rua das Flores, 263 \u2013 Oporto, Portugal<\/strong><br data-start=\"826\" data-end=\"829\">Correo electr\u00f3nico: <strong data-start=\"836\" data-end=\"872\"><a class=\"decorated-link cursor-pointer\" rel=\"noopener\" data-start=\"838\" data-end=\"870\">portoinabottle@portoinabottle.pt<\/a><\/strong><\/p>\n<hr data-start=\"874\" data-end=\"877\">\n<h2 data-start=\"879\" data-end=\"891\">2. Objeto<\/h2>\n<p data-start=\"893\" data-end=\"924\">Estas condiciones rigen lo siguiente:<\/p>\n<ul data-start=\"925\" data-end=\"1047\">\n<li data-start=\"925\" data-end=\"946\">\n<p data-start=\"927\" data-end=\"946\">Acceso a la p\u00e1gina web<\/p>\n<\/li>\n<li data-start=\"947\" data-end=\"960\">\n<p data-start=\"949\" data-end=\"960\">La navegaci\u00f3n<\/p>\n<\/li>\n<li data-start=\"961\" data-end=\"1047\">\n<p data-start=\"963\" data-end=\"1047\">La compra y venta de vinos, bebidas alcoh\u00f3licas, licores y productos relacionados<\/p>\n<\/li>\n<\/ul>\n<hr data-start=\"1049\" data-end=\"1052\">\n<h2 data-start=\"1054\" data-end=\"1076\">3. Mayor\u00eda de edad legal<\/h2>\n<p data-start=\"1078\" data-end=\"1160\">La venta de bebidas alcoh\u00f3licas <strong data-start=\"1110\" data-end=\"1159\">est\u00e1 permitida exclusivamente a personas mayores de 18 a\u00f1os<\/strong>.<\/p>\n<p data-start=\"1162\" data-end=\"1244\">Al utilizar este sitio web y realizar una compra, declaras expresamente:<\/p>\n<ul data-start=\"1245\" data-end=\"1368\">\n<li data-start=\"1245\" data-end=\"1299\">\n<p data-start=\"1247\" data-end=\"1299\">Qui\u00e9n tiene la mayor\u00eda de edad para comprar bebidas alcoh\u00f3licas<\/p>\n<\/li>\n<li data-start=\"1300\" data-end=\"1368\">\n<p data-start=\"1302\" data-end=\"1368\">Que asumas toda la responsabilidad por la exactitud de esta afirmaci\u00f3n<\/p>\n<\/li>\n<\/ul>\n<p data-start=\"1370\" data-end=\"1486\">La empresa se reserva el derecho de cancelar pedidos siempre que haya indicios de violaci\u00f3n de este requisito legal.<\/p>\n<hr data-start=\"1488\" data-end=\"1491\">\n<h2 data-start=\"1493\" data-end=\"1515\">4. Cuenta de Cliente<\/h2>\n<p data-start=\"1517\" data-end=\"1535\">Puedes:<\/p>\n<ul data-start=\"1536\" data-end=\"1601\">\n<li data-start=\"1536\" data-end=\"1575\">\n<p data-start=\"1538\" data-end=\"1575\">Haz compras como invitado<br data-start=\"1568\" data-end=\"1571\">o<\/p>\n<\/li>\n<li data-start=\"1576\" data-end=\"1601\">\n<p data-start=\"1578\" data-end=\"1601\">Crea una cuenta personal<\/p>\n<\/li>\n<\/ul>\n<p data-start=\"1603\" data-end=\"1639\">Es responsabilidad del usuario:<\/p>\n<ul data-start=\"1640\" data-end=\"1723\">\n<li data-start=\"1640\" data-end=\"1684\">\n<p data-start=\"1642\" data-end=\"1684\">Asegura la veracidad de los datos proporcionados<\/p>\n<\/li>\n<li data-start=\"1685\" data-end=\"1723\">\n<p data-start=\"1687\" data-end=\"1723\">Mant\u00e9n tu acceso confidencial<\/p>\n<\/li>\n<\/ul>\n<hr data-start=\"1725\" data-end=\"1728\">\n<h2 data-start=\"1730\" data-end=\"1744\">5. Productos<\/h2>\n<p data-start=\"1746\" data-end=\"1876\">Los productos presentados en la web se describen de la forma m\u00e1s estricta posible.<br data-start=\"1831\" data-end=\"1834\">Las fotograf\u00edas son solo con fines ilustrativos.<\/p>\n<p data-start=\"1878\" data-end=\"1922\">Porto in a Bottle se reserva el derecho a:<\/p>\n<ul data-start=\"1923\" data-end=\"2033\">\n<li data-start=\"1923\" data-end=\"1943\">\n<p data-start=\"1925\" data-end=\"1943\">Modificar productos<\/p>\n<\/li>\n<li data-start=\"1944\" data-end=\"1965\">\n<p data-start=\"1946\" data-end=\"1965\">Referencias de cambio<\/p>\n<\/li>\n<li data-start=\"1966\" data-end=\"1993\">\n<p data-start=\"1968\" data-end=\"1993\">Actualizaciones de caracter\u00edsticas<\/p>\n<\/li>\n<li data-start=\"1994\" data-end=\"2033\">\n<p data-start=\"1996\" data-end=\"2033\">Cancelar art\u00edculos sin previo aviso<\/p>\n<\/li>\n<\/ul>\n<hr data-start=\"2035\" data-end=\"2038\">\n<h2 data-start=\"2040\" data-end=\"2052\">6. Precios<\/h2>\n<ul data-start=\"2054\" data-end=\"2216\">\n<li data-start=\"2054\" data-end=\"2105\">\n<p data-start=\"2056\" data-end=\"2105\">Todos los precios incluyen el IVA al tipo legal vigente<\/p>\n<\/li>\n<li data-start=\"2106\" data-end=\"2147\">\n<p data-start=\"2108\" data-end=\"2147\">Los precios se muestran en euros (\u20ac)<\/p>\n<\/li>\n<li data-start=\"2148\" data-end=\"2216\">\n<p data-start=\"2150\" data-end=\"2216\">La empresa puede cambiar los precios en cualquier momento sin previo aviso<\/p>\n<\/li>\n<\/ul>\n<p data-start=\"2218\" data-end=\"2294\">El precio v\u00e1lido siempre es el indicado en el momento de la confirmaci\u00f3n del pedido.<\/p>\n<hr data-start=\"2296\" data-end=\"2299\">\n<h2 data-start=\"2301\" data-end=\"2317\">7. \u00d3rdenes<\/h2>\n<p data-start=\"2319\" data-end=\"2352\">Validar el orden implica:<\/p>\n<ul data-start=\"2353\" data-end=\"2540\">\n<li data-start=\"2353\" data-end=\"2401\">\n<p data-start=\"2355\" data-end=\"2401\">Aceptaci\u00f3n total de estos T\u00e9rminos y Condiciones<\/p>\n<\/li>\n<li data-start=\"2402\" data-end=\"2442\">\n<p data-start=\"2404\" data-end=\"2442\">Aceptaci\u00f3n de la Pol\u00edtica de Privacidad<\/p>\n<\/li>\n<li data-start=\"2443\" data-end=\"2479\">\n<p data-start=\"2445\" data-end=\"2479\">Aceptaci\u00f3n de la Pol\u00edtica de Cookies<\/p>\n<\/li>\n<li data-start=\"2480\" data-end=\"2540\">\n<p data-start=\"2482\" data-end=\"2540\">Aceptaci\u00f3n de la pol\u00edtica de env\u00edo, devoluciones y reembolsos<\/p>\n<\/li>\n<\/ul>\n<p data-start=\"2542\" data-end=\"2576\">La empresa se reserva el derecho de:<\/p>\n<ul data-start=\"2577\" data-end=\"2694\">\n<li data-start=\"2577\" data-end=\"2597\">\n<p data-start=\"2579\" data-end=\"2597\">\u00d3rdenes de rechazo<\/p>\n<\/li>\n<li data-start=\"2598\" data-end=\"2694\">\n<p data-start=\"2600\" data-end=\"2694\">Cancelar \u00f3rdenes en caso de un error t\u00e9cnico, falta de existencia, pruebas de fraude o mal uso<\/p>\n<\/li>\n<\/ul>\n<hr data-start=\"2696\" data-end=\"2699\">\n<h2 data-start=\"2701\" data-end=\"2717\">8. Pagos<\/h2>\n<p data-start=\"2719\" data-end=\"2795\">Se aceptan m\u00e9todos de pago proporcionados en el momento del pago, incluyendo:<\/p>\n<ul data-start=\"2796\" data-end=\"2878\">\n<li data-start=\"2796\" data-end=\"2813\">\n<p data-start=\"2798\" data-end=\"2813\">Tarjeta bancaria<\/p>\n<\/li>\n<li data-start=\"2814\" data-end=\"2822\">\n<p data-start=\"2816\" data-end=\"2822\">MB Way<\/p>\n<\/li>\n<li data-start=\"2823\" data-end=\"2878\">\n<p data-start=\"2825\" data-end=\"2878\">PayPal<br data-start=\"2831\" data-end=\"2834\">(y otros que puedan estar disponibles)<\/p>\n<\/li>\n<\/ul>\n<p data-start=\"2880\" data-end=\"2969\">El pago solo se considera completado tras la confirmaci\u00f3n efectiva de la entidad que la procesa.<\/p>\n<hr data-start=\"2971\" data-end=\"2974\">\n<h2 data-start=\"2976\" data-end=\"3002\">9. Env\u00edo de pedidos<\/h2>\n<p data-start=\"3004\" data-end=\"3126\">Se cumplen env\u00edos, plazos, costes, da\u00f1os, entregas internacionales, fallos en las entregas y todas las condiciones log\u00edsticas:<\/p>\n<ul data-start=\"3127\" data-end=\"3203\">\n<li data-start=\"3127\" data-end=\"3203\">\n<p data-start=\"3129\" data-end=\"3203\">Totalmente regulado en la <strong data-start=\"3156\" data-end=\"3203\">pol\u00edtica de env\u00edos, devoluciones y reembolsos<\/strong><\/p>\n<\/li>\n<\/ul>\n<hr data-start=\"3205\" data-end=\"3208\">\n<h2 data-start=\"3210\" data-end=\"3243\">10. Derecho de retirada<\/h2>\n<p data-start=\"3245\" data-end=\"3425\">El consumidor tiene derecho a rescindir el contrato en el plazo legal de <strong data-start=\"3310\" data-end=\"3321\">14 d\u00edas<\/strong>, conforme al <strong data-start=\"3337\" data-end=\"3364\">Decreto-Ley n\u00ba 24\/2014<\/strong>, con todas las condiciones, excepciones, costes y procedimientos:<\/p>\n<ul data-start=\"3426\" data-end=\"3503\">\n<li data-start=\"3426\" data-end=\"3503\">\n<p data-start=\"3428\" data-end=\"3503\">Definido en <strong data-start=\"3456\" data-end=\"3503\">detalle en la Pol\u00edtica de Env\u00edo, Devoluciones y Reembolsos<\/strong><\/p>\n<\/li>\n<\/ul>\n<hr data-start=\"3505\" data-end=\"3508\">\n<h2 data-start=\"3510\" data-end=\"3531\">11. Garant\u00eda legal<\/h2>\n<p data-start=\"3533\" data-end=\"3568\">Todos los productos est\u00e1n incluidos:<\/p>\n<ul data-start=\"3569\" data-end=\"3678\">\n<li data-start=\"3569\" data-end=\"3619\">\n<p data-start=\"3571\" data-end=\"3619\">Por el r\u00e9gimen de garant\u00edas legales de conformidad<\/p>\n<\/li>\n<li data-start=\"3620\" data-end=\"3678\">\n<p data-start=\"3622\" data-end=\"3678\">Seg\u00fan los t\u00e9rminos de la legislaci\u00f3n portuguesa y europea aplicable<\/p>\n<\/li>\n<\/ul>\n<hr data-start=\"3680\" data-end=\"3683\">\n<h2 data-start=\"3685\" data-end=\"3708\">12. Responsabilidad<\/h2>\n<p data-start=\"3710\" data-end=\"3756\">Porto in a Bottle no se hace responsable de:<\/p>\n<ul data-start=\"3757\" data-end=\"3864\">\n<li data-start=\"3757\" data-end=\"3790\">\n<p data-start=\"3759\" data-end=\"3790\">Interrupciones del servicio en el sitio<\/p>\n<\/li>\n<li data-start=\"3791\" data-end=\"3808\">\n<p data-start=\"3793\" data-end=\"3808\">Fallos t\u00e9cnicos<\/p>\n<\/li>\n<li data-start=\"3809\" data-end=\"3829\">\n<p data-start=\"3811\" data-end=\"3829\">Errores de terceros<\/p>\n<\/li>\n<li data-start=\"3830\" data-end=\"3864\">\n<p data-start=\"3832\" data-end=\"3864\">Da\u00f1os por fuerza mayor<\/p>\n<\/li>\n<\/ul>\n<hr data-start=\"3866\" data-end=\"3869\">\n<h2 data-start=\"3871\" data-end=\"3895\">13. Protecci\u00f3n de datos<\/h2>\n<p data-start=\"3897\" data-end=\"3964\">El tratamiento de datos personales est\u00e1 debidamente regulado por:<\/p>\n<ul data-start=\"3965\" data-end=\"4022\">\n<li data-start=\"3965\" data-end=\"4022\">\n<p data-start=\"3967\" data-end=\"4022\"><strong data-start=\"3967\" data-end=\"3994\">Pol\u00edtica de privacidad<\/strong>, conforme al RGPD<\/p>\n<\/li>\n<\/ul>\n<hr data-start=\"4024\" data-end=\"4027\">\n<h2 data-start=\"4029\" data-end=\"4043\">14. Galletas<\/h2>\n<p data-start=\"4045\" data-end=\"4093\">El uso de cookies est\u00e1 regulado de la siguiente manera:<\/p>\n<ul data-start=\"4094\" data-end=\"4119\">\n<li data-start=\"4094\" data-end=\"4119\">\n<p data-start=\"4096\" data-end=\"4119\"><strong data-start=\"4096\" data-end=\"4119\">Pol\u00edtica de Cookies<\/strong><\/p>\n<\/li>\n<\/ul>\n<hr data-start=\"4121\" data-end=\"4124\">\n<h2 data-start=\"4126\" data-end=\"4144\">15. Quejas<\/h2>\n<p data-start=\"4146\" data-end=\"4235\">El cliente puede presentar quejas a trav\u00e9s de:<br><img decoding=\"async\" draggable=\"false\" role=\"img\" class=\"emoji\" alt=\"\ud83d\udce7\" src=\"https:\/\/s.w.org\/images\/core\/emoji\/16.0.1\/svg\/1f4e7.svg\"><strong data-start=\"4199\" data-end=\"4235\"><a class=\"decorated-link cursor-pointer\" rel=\"noopener\" data-start=\"4201\" data-end=\"4233\">portoinabottle@portoinabottle.pt<\/a><\/strong><\/p>\n<h3 data-start=\"4237\" data-end=\"4276\">Libro de Quejas Electr\u00f3nicas<\/h3>\n<p data-start=\"4277\" data-end=\"4384\">El consumidor puede presentar una queja a trav\u00e9s del portal oficial:<br data-start=\"4343\" data-end=\"4346\"><img decoding=\"async\" draggable=\"false\" role=\"img\" class=\"emoji\" alt=\"\ud83d\udc49\" src=\"https:\/\/s.w.org\/images\/core\/emoji\/16.0.1\/svg\/1f449.svg\"><strong data-start=\"4349\" data-end=\"4384\"><a class=\"decorated-link\" href=\"https:\/\/www.livroreclamacoes.pt\" target=\"_new\" rel=\"noopener\" data-start=\"4351\" data-end=\"4382\">https:\/\/www.livroreclamacoes.pt<\/a><\/strong><\/p>\n<hr data-start=\"4386\" data-end=\"4389\">\n<h2 data-start=\"4391\" data-end=\"4437\">16. Resoluci\u00f3n Alternativa de Conflictos (ADR)<\/h2>\n<p data-start=\"4439\" data-end=\"4549\">En caso de una disputa de consumo, el consumidor puede recurrir a una entidad alternativa de resoluci\u00f3n de disputas:<\/p>\n<p data-start=\"4551\" data-end=\"4587\"><img decoding=\"async\" draggable=\"false\" role=\"img\" class=\"emoji\" alt=\"\ud83d\udc49\" src=\"https:\/\/s.w.org\/images\/core\/emoji\/16.0.1\/svg\/1f449.svg\"> <strong data-start=\"4554\" data-end=\"4587\"><a class=\"decorated-link\" href=\"https:\/\/www.consumidor.gov.pt\" target=\"_new\" rel=\"noopener\" data-start=\"4556\" data-end=\"4585\">https:\/\/www.consumidor.gov.pt<\/a><\/strong><\/p>\t\t\t\t\t\t\t\t<\/div>\n\t\t\t\t<\/div>\n\t\t\t\t\t<\/div>\n\t\t<\/div>\n\t\t\t\t\t<\/div>\n\t\t<\/section>\n\t\t\t\t<\/div>\n\t\t","protected":false},"excerpt":{"rendered":"<p>T\u00c9RMINOS Y CONDICIONES Estos T\u00e9rminos y Condiciones rigen el uso del sitio web www.portoinabottle.com y todas las transacciones comerciales realizadas a trav\u00e9s de \u00e9l. Al utilizar este sitio web y&hellip;<\/p>\n","protected":false},"author":2,"featured_media":0,"parent":0,"menu_order":0,"comment_status":"closed","ping_status":"closed","template":"","meta":{"footnotes":""},"class_list":["post-37886","page","type-page","status-publish","hentry"],"_links":{"self":[{"href":"https:\/\/portoinabottle.com\/es\/wp-json\/wp\/v2\/pages\/37886","targetHints":{"allow":["GET"]}}],"collection":[{"href":"https:\/\/portoinabottle.com\/es\/wp-json\/wp\/v2\/pages"}],"about":[{"href":"https:\/\/portoinabottle.com\/es\/wp-json\/wp\/v2\/types\/page"}],"author":[{"embeddable":true,"href":"https:\/\/portoinabottle.com\/es\/wp-json\/wp\/v2\/users\/2"}],"replies":[{"embeddable":true,"href":"https:\/\/portoinabottle.com\/es\/wp-json\/wp\/v2\/comments?post=37886"}],"version-history":[{"count":1,"href":"https:\/\/portoinabottle.com\/es\/wp-json\/wp\/v2\/pages\/37886\/revisions"}],"predecessor-version":[{"id":37887,"href":"https:\/\/portoinabottle.com\/es\/wp-json\/wp\/v2\/pages\/37886\/revisions\/37887"}],"wp:attachment":[{"href":"https:\/\/portoinabottle.com\/es\/wp-json\/wp\/v2\/media?parent=37886"}],"curies":[{"name":"wp","href":"https:\/\/api.w.org\/{rel}","templated":true}]}}