{"id":37562,"date":"2025-12-01T17:39:59","date_gmt":"2025-12-01T17:39:59","guid":{"rendered":"https:\/\/portoinabottle.com\/product\/abandonado-en-2013\/"},"modified":"2025-12-01T17:39:59","modified_gmt":"2025-12-01T17:39:59","slug":"abandonado-en-2013","status":"publish","type":"product","link":"https:\/\/portoinabottle.com\/es\/producto\/abandonado-en-2013\/","title":{"rendered":"Abandonado en 2013"},"content":{"rendered":"<p>Color rub\u00ed intenso. Gran complejidad y frescura arom\u00e1tica, con notas bals\u00e1micas y alquitr\u00e1n inusuales, regaliz y frutos negros, t\u00edpicas del vi\u00f1edo Abandonado. Boca llena de armon\u00eda, con intensidad pero tambi\u00e9n delicadeza, mineralidad y una extraordinaria pureza del fruto. Se puede sentir el esquisto de los suelos, el bosque circundante, la frescura de la altitud, en una expresi\u00f3n pura de la naturaleza del vi\u00f1edo. Un ejercicio de pura elegancia y clase de uno de los vi\u00f1edos m\u00e1s ic\u00f3nicos del Duero y Portugal.    <\/p>\n","protected":false},"excerpt":{"rendered":"<p>Variedades de uva: Tinta Amarela Touriga Franca, Touriga Nacional, Sous\u00e3o, otras (20 variedades aut\u00f3ctonas)<\/p>\n","protected":false},"featured_media":37563,"comment_status":"open","ping_status":"closed","template":"","meta":[],"product_brand":[],"product_cat":[410],"product_tag":[411],"class_list":{"0":"post-37562","1":"product","2":"type-product","3":"status-publish","4":"has-post-thumbnail","6":"product_cat-rojo","7":"product_tag-red-vino-douro-vino-vinho-tinto-old-vinedos-vinhas-antiguos","9":"first","10":"instock","11":"taxable","12":"shipping-taxable","13":"purchasable","14":"product-type-simple"},"_links":{"self":[{"href":"https:\/\/portoinabottle.com\/es\/wp-json\/wp\/v2\/product\/37562","targetHints":{"allow":["GET"]}}],"collection":[{"href":"https:\/\/portoinabottle.com\/es\/wp-json\/wp\/v2\/product"}],"about":[{"href":"https:\/\/portoinabottle.com\/es\/wp-json\/wp\/v2\/types\/product"}],"replies":[{"embeddable":true,"href":"https:\/\/portoinabottle.com\/es\/wp-json\/wp\/v2\/comments?post=37562"}],"wp:featuredmedia":[{"embeddable":true,"href":"https:\/\/portoinabottle.com\/es\/wp-json\/wp\/v2\/media\/37563"}],"wp:attachment":[{"href":"https:\/\/portoinabottle.com\/es\/wp-json\/wp\/v2\/media?parent=37562"}],"wp:term":[{"taxonomy":"product_brand","embeddable":true,"href":"https:\/\/portoinabottle.com\/es\/wp-json\/wp\/v2\/product_brand?post=37562"},{"taxonomy":"product_cat","embeddable":true,"href":"https:\/\/portoinabottle.com\/es\/wp-json\/wp\/v2\/product_cat?post=37562"},{"taxonomy":"product_tag","embeddable":true,"href":"https:\/\/portoinabottle.com\/es\/wp-json\/wp\/v2\/product_tag?post=37562"}],"curies":[{"name":"wp","href":"https:\/\/api.w.org\/{rel}","templated":true}]}}