{"id":37799,"date":"2025-12-01T17:39:59","date_gmt":"2025-12-01T17:39:59","guid":{"rendered":"https:\/\/portoinabottle.com\/product\/vale-da-raposa-grande-escolha\/"},"modified":"2025-12-01T17:39:59","modified_gmt":"2025-12-01T17:39:59","slug":"vale-da-raposa-grande-escolha","status":"publish","type":"product","link":"https:\/\/portoinabottle.com\/es\/producto\/vale-da-raposa-grande-escolha\/","title":{"rendered":"Vale da Raposa Grande Escolha"},"content":{"rendered":"<p>Color rub\u00ed intenso. Aromas a cerezas \u00e1cidas, chocolate negro, violetas y caja de puros. Muy complejo y elegante, elegante, atractivo y con gran armon\u00eda y un final largo.  <\/p>\n","protected":false},"excerpt":{"rendered":"<p>Variedades de uva: Vinhas Velhas (60 a\u00f1os y 15 variedades aut\u00f3ctonas)<\/p>\n","protected":false},"featured_media":37801,"comment_status":"open","ping_status":"closed","template":"","meta":[],"product_brand":[],"product_cat":[410],"product_tag":[411],"class_list":{"0":"post-37799","1":"product","2":"type-product","3":"status-publish","4":"has-post-thumbnail","6":"product_cat-rojo","7":"product_tag-red-vino-douro-vino-vinho-tinto-old-vinedos-vinhas-antiguos","9":"first","10":"instock","11":"taxable","12":"shipping-taxable","13":"purchasable","14":"product-type-simple"},"_links":{"self":[{"href":"https:\/\/portoinabottle.com\/es\/wp-json\/wp\/v2\/product\/37799","targetHints":{"allow":["GET"]}}],"collection":[{"href":"https:\/\/portoinabottle.com\/es\/wp-json\/wp\/v2\/product"}],"about":[{"href":"https:\/\/portoinabottle.com\/es\/wp-json\/wp\/v2\/types\/product"}],"replies":[{"embeddable":true,"href":"https:\/\/portoinabottle.com\/es\/wp-json\/wp\/v2\/comments?post=37799"}],"wp:featuredmedia":[{"embeddable":true,"href":"https:\/\/portoinabottle.com\/es\/wp-json\/wp\/v2\/media\/37801"}],"wp:attachment":[{"href":"https:\/\/portoinabottle.com\/es\/wp-json\/wp\/v2\/media?parent=37799"}],"wp:term":[{"taxonomy":"product_brand","embeddable":true,"href":"https:\/\/portoinabottle.com\/es\/wp-json\/wp\/v2\/product_brand?post=37799"},{"taxonomy":"product_cat","embeddable":true,"href":"https:\/\/portoinabottle.com\/es\/wp-json\/wp\/v2\/product_cat?post=37799"},{"taxonomy":"product_tag","embeddable":true,"href":"https:\/\/portoinabottle.com\/es\/wp-json\/wp\/v2\/product_tag?post=37799"}],"curies":[{"name":"wp","href":"https:\/\/api.w.org\/{rel}","templated":true}]}}