{"id":37864,"date":"2025-12-01T17:40:00","date_gmt":"2025-12-01T17:40:00","guid":{"rendered":"https:\/\/portoinabottle.com\/product\/pata-durso-rose\/"},"modified":"2025-12-01T17:40:00","modified_gmt":"2025-12-01T17:40:00","slug":"pata-durso-rose","status":"publish","type":"product","link":"https:\/\/portoinabottle.com\/es\/producto\/pata-durso-rose\/","title":{"rendered":"Pata d&#8217;Urso Ros\u00e9"},"content":{"rendered":"<p>Pata de Urso Ros\u00e9 El vino tiene un color rub\u00ed claro. Intenso en la nariz, notas de peque\u00f1os frutos rojos, fresas, algunas notas florales y un ligero toque amaderado. Equilibrado, fresco, suave con un final largo y afrutado.<\/p>\n","protected":false},"excerpt":{"rendered":"<p>Selecci\u00f3n de variedades de uva antigua<\/p>\n","protected":false},"featured_media":37866,"comment_status":"open","ping_status":"closed","template":"","meta":[],"product_brand":[],"product_cat":[468],"product_tag":[469],"class_list":{"0":"post-37864","1":"product","2":"type-product","3":"status-publish","4":"has-post-thumbnail","6":"product_cat-rose-2","7":"product_tag-rose-vino-douro-rosas-douro-rosas-viejas-vinho-rosado-douro-vinas-rosadas-viejas","9":"first","10":"instock","11":"taxable","12":"shipping-taxable","13":"purchasable","14":"product-type-simple"},"_links":{"self":[{"href":"https:\/\/portoinabottle.com\/es\/wp-json\/wp\/v2\/product\/37864","targetHints":{"allow":["GET"]}}],"collection":[{"href":"https:\/\/portoinabottle.com\/es\/wp-json\/wp\/v2\/product"}],"about":[{"href":"https:\/\/portoinabottle.com\/es\/wp-json\/wp\/v2\/types\/product"}],"replies":[{"embeddable":true,"href":"https:\/\/portoinabottle.com\/es\/wp-json\/wp\/v2\/comments?post=37864"}],"wp:featuredmedia":[{"embeddable":true,"href":"https:\/\/portoinabottle.com\/es\/wp-json\/wp\/v2\/media\/37866"}],"wp:attachment":[{"href":"https:\/\/portoinabottle.com\/es\/wp-json\/wp\/v2\/media?parent=37864"}],"wp:term":[{"taxonomy":"product_brand","embeddable":true,"href":"https:\/\/portoinabottle.com\/es\/wp-json\/wp\/v2\/product_brand?post=37864"},{"taxonomy":"product_cat","embeddable":true,"href":"https:\/\/portoinabottle.com\/es\/wp-json\/wp\/v2\/product_cat?post=37864"},{"taxonomy":"product_tag","embeddable":true,"href":"https:\/\/portoinabottle.com\/es\/wp-json\/wp\/v2\/product_tag?post=37864"}],"curies":[{"name":"wp","href":"https:\/\/api.w.org\/{rel}","templated":true}]}}