{"id":37872,"date":"2025-12-01T17:40:00","date_gmt":"2025-12-01T17:40:00","guid":{"rendered":"https:\/\/portoinabottle.com\/product\/vale-da-raposa-rose\/"},"modified":"2025-12-01T17:40:00","modified_gmt":"2025-12-01T17:40:00","slug":"vale-da-raposa-rose","status":"publish","type":"product","link":"https:\/\/portoinabottle.com\/es\/producto\/vale-da-raposa-rose\/","title":{"rendered":"Vale da Raposa Ros\u00e9"},"content":{"rendered":"<p>Rosa salm\u00f3n. Notas de pomelo y c\u00e1scara de naranja, con ligeras notas de frambuesas. Excelente frescura y acidez con fresas, frambuesas frescas y una gran mineralidad. Un rosado de gran aptitud gastron\u00f3mica pero igualmente capaz de disfrutar de buenos momentos en solitario.   <\/p>\n","protected":false},"excerpt":{"rendered":"<p>Variedades de uva: Touriga Nacional y Tinta Roriz<\/p>\n","protected":false},"featured_media":0,"comment_status":"open","ping_status":"closed","template":"","meta":[],"product_brand":[],"product_cat":[476],"product_tag":[477],"class_list":{"0":"post-37872","1":"product","2":"type-product","3":"status-publish","5":"product_cat-rose-3","6":"product_tag-pink-vino-rose-vino-vinho-rosado","8":"first","9":"instock","10":"taxable","11":"shipping-taxable","12":"purchasable","13":"product-type-simple"},"_links":{"self":[{"href":"https:\/\/portoinabottle.com\/es\/wp-json\/wp\/v2\/product\/37872","targetHints":{"allow":["GET"]}}],"collection":[{"href":"https:\/\/portoinabottle.com\/es\/wp-json\/wp\/v2\/product"}],"about":[{"href":"https:\/\/portoinabottle.com\/es\/wp-json\/wp\/v2\/types\/product"}],"replies":[{"embeddable":true,"href":"https:\/\/portoinabottle.com\/es\/wp-json\/wp\/v2\/comments?post=37872"}],"wp:attachment":[{"href":"https:\/\/portoinabottle.com\/es\/wp-json\/wp\/v2\/media?parent=37872"}],"wp:term":[{"taxonomy":"product_brand","embeddable":true,"href":"https:\/\/portoinabottle.com\/es\/wp-json\/wp\/v2\/product_brand?post=37872"},{"taxonomy":"product_cat","embeddable":true,"href":"https:\/\/portoinabottle.com\/es\/wp-json\/wp\/v2\/product_cat?post=37872"},{"taxonomy":"product_tag","embeddable":true,"href":"https:\/\/portoinabottle.com\/es\/wp-json\/wp\/v2\/product_tag?post=37872"}],"curies":[{"name":"wp","href":"https:\/\/api.w.org\/{rel}","templated":true}]}}