{"id":37831,"date":"2020-05-26T12:04:13","date_gmt":"2020-05-26T12:04:13","guid":{"rendered":"https:\/\/portoinabottle.com\/qui-sommes-nous\/"},"modified":"2026-01-07T21:48:16","modified_gmt":"2026-01-07T21:48:16","slug":"qui-sommes-nous","status":"publish","type":"page","link":"https:\/\/portoinabottle.com\/fr\/qui-sommes-nous\/","title":{"rendered":"Qui sommes-nous"},"content":{"rendered":"\t\t<div data-elementor-type=\"wp-page\" data-elementor-id=\"37831\" class=\"elementor elementor-37831 elementor-3738\" data-elementor-post-type=\"page\">\n\t\t\t\t\t\t<section class=\"elementor-section elementor-top-section elementor-element elementor-element-a7cd94f elementor-section-boxed elementor-section-height-default elementor-section-height-default sc_fly_static\" data-id=\"a7cd94f\" data-element_type=\"section\" data-e-type=\"section\">\n\t\t\t\t\t\t<div class=\"elementor-container elementor-column-gap-default\">\n\t\t\t\t\t<div class=\"elementor-column elementor-col-100 elementor-top-column elementor-element elementor-element-c2f23b5 sc_content_align_inherit sc_layouts_column_icons_position_left sc_fly_static\" data-id=\"c2f23b5\" data-element_type=\"column\" data-e-type=\"column\">\n\t\t\t<div class=\"elementor-widget-wrap elementor-element-populated\">\n\t\t\t\t\t\t<div class=\"elementor-element elementor-element-2bfc9c9 sc_height_huge sc_fly_static elementor-widget elementor-widget-spacer\" data-id=\"2bfc9c9\" data-element_type=\"widget\" data-e-type=\"widget\" data-widget_type=\"spacer.default\">\n\t\t\t\t<div class=\"elementor-widget-container\">\n\t\t\t\t\t\t\t<div class=\"elementor-spacer\">\n\t\t\t<div class=\"elementor-spacer-inner\"><\/div>\n\t\t<\/div>\n\t\t\t\t\t\t<\/div>\n\t\t\t\t<\/div>\n\t\t\t\t<section data-animation-type=\"block\" class=\"elementor-section elementor-inner-section elementor-element elementor-element-1641c86 elementor-section-boxed elementor-section-height-default elementor-section-height-default animation_type_block sc_fly_static elementor-invisible\" data-id=\"1641c86\" data-element_type=\"section\" data-e-type=\"section\" data-settings=\"{&quot;animation&quot;:&quot;floria-fadeinup&quot;}\">\n\t\t\t\t\t\t<div class=\"elementor-container elementor-column-gap-no\">\n\t\t\t\t\t<div class=\"elementor-column elementor-col-100 elementor-inner-column elementor-element elementor-element-0736403 sc_content_align_inherit sc_layouts_column_icons_position_left sc_fly_static\" data-id=\"0736403\" data-element_type=\"column\" data-e-type=\"column\">\n\t\t\t<div class=\"elementor-widget-wrap elementor-element-populated\">\n\t\t\t\t\t\t<div class=\"elementor-element elementor-element-2d80327 elementor-widget__width-initial sc_fly_static elementor-widget elementor-widget-trx_sc_title\" data-id=\"2d80327\" data-element_type=\"widget\" data-e-type=\"widget\" data-widget_type=\"trx_sc_title.default\">\n\t\t\t\t<div class=\"elementor-widget-container\">\n\t\t\t\t\t<div\t\tclass=\"sc_title sc_title_accent\" ><span class=\"sc_item_subtitle sc_title_subtitle sc_item_subtitle_above sc_item_title_style_accent\">Ce que nous faisons<\/span><h1 class=\"sc_item_title sc_title_title sc_item_title_style_accent sc_item_title_tag\"\n\t\t\t><span class=\"sc_item_title_text\">S\u00e9lection unique de vins et de saveurs avec identit\u00e9<\/span><\/h1><\/div>\t\t\t\t<\/div>\n\t\t\t\t<\/div>\n\t\t\t\t\t<\/div>\n\t\t<\/div>\n\t\t\t\t\t<\/div>\n\t\t<\/section>\n\t\t\t\t<div class=\"elementor-element elementor-element-f8ba9fa sc_height_medium sc_fly_static elementor-widget elementor-widget-spacer\" data-id=\"f8ba9fa\" data-element_type=\"widget\" data-e-type=\"widget\" data-widget_type=\"spacer.default\">\n\t\t\t\t<div class=\"elementor-widget-container\">\n\t\t\t\t\t\t\t<div class=\"elementor-spacer\">\n\t\t\t<div class=\"elementor-spacer-inner\"><\/div>\n\t\t<\/div>\n\t\t\t\t\t\t<\/div>\n\t\t\t\t<\/div>\n\t\t\t\t\t<\/div>\n\t\t<\/div>\n\t\t\t\t\t<\/div>\n\t\t<\/section>\n\t\t\t\t<section class=\"elementor-section elementor-top-section elementor-element elementor-element-a54116e elementor-section-boxed elementor-section-height-default elementor-section-height-default sc_fly_static\" data-id=\"a54116e\" data-element_type=\"section\" data-e-type=\"section\">\n\t\t\t\t\t\t<div class=\"elementor-container elementor-column-gap-extended\">\n\t\t\t\t\t<div class=\"elementor-column elementor-col-50 elementor-top-column elementor-element elementor-element-79b7b1f sc_content_align_inherit sc_layouts_column_icons_position_left sc_fly_static\" data-id=\"79b7b1f\" data-element_type=\"column\" data-e-type=\"column\">\n\t\t\t<div class=\"elementor-widget-wrap elementor-element-populated\">\n\t\t\t\t\t\t<div class=\"elementor-element elementor-element-8681e8b sc_fly_static elementor-widget elementor-widget-text-editor\" data-id=\"8681e8b\" data-element_type=\"widget\" data-e-type=\"widget\" data-widget_type=\"text-editor.default\">\n\t\t\t\t<div class=\"elementor-widget-container\">\n\t\t\t\t\t\t\t\t\t<p>Chez <em data-start=\"228\" data-end=\"247\">Porto In A Bottle<\/em>, nous c\u00e9l\u00e9brons les vins et boissons qui repr\u00e9sentent le mieux l\u2019\u00e2me du Douro, du Minho et du Mad\u00e8re.<\/p>\t\t\t\t\t\t\t\t<\/div>\n\t\t\t\t<\/div>\n\t\t\t\t<div class=\"elementor-element elementor-element-14b643d sc_fly_static elementor-widget elementor-widget-spacer\" data-id=\"14b643d\" data-element_type=\"widget\" data-e-type=\"widget\" data-widget_type=\"spacer.default\">\n\t\t\t\t<div class=\"elementor-widget-container\">\n\t\t\t\t\t\t\t<div class=\"elementor-spacer\">\n\t\t\t<div class=\"elementor-spacer-inner\"><\/div>\n\t\t<\/div>\n\t\t\t\t\t\t<\/div>\n\t\t\t\t<\/div>\n\t\t\t\t<div class=\"elementor-element elementor-element-d4de1bc sc_fly_static elementor-widget elementor-widget-image\" data-id=\"d4de1bc\" data-element_type=\"widget\" data-e-type=\"widget\" data-widget_type=\"image.default\">\n\t\t\t\t<div class=\"elementor-widget-container\">\n\t\t\t\t\t\t\t\t\t\t\t\t\t\t\t<img fetchpriority=\"high\" decoding=\"async\" width=\"640\" height=\"640\" src=\"https:\/\/portoinabottle.com\/wp-content\/uploads\/2025\/07\/SOCIOS.jpg\" class=\"attachment-large size-large wp-image-37832\" alt=\"\" srcset=\"https:\/\/portoinabottle.com\/wp-content\/uploads\/2025\/07\/SOCIOS.jpg 640w, https:\/\/portoinabottle.com\/wp-content\/uploads\/2025\/07\/SOCIOS-300x300.jpg 300w, https:\/\/portoinabottle.com\/wp-content\/uploads\/2025\/07\/SOCIOS-150x150.jpg 150w, https:\/\/portoinabottle.com\/wp-content\/uploads\/2025\/07\/SOCIOS-370x370.jpg 370w, https:\/\/portoinabottle.com\/wp-content\/uploads\/2025\/07\/SOCIOS-120x120.jpg 120w, https:\/\/portoinabottle.com\/wp-content\/uploads\/2025\/07\/SOCIOS-410x410.jpg 410w, https:\/\/portoinabottle.com\/wp-content\/uploads\/2025\/07\/SOCIOS-630x630.jpg 630w, https:\/\/portoinabottle.com\/wp-content\/uploads\/2025\/07\/SOCIOS-600x600.jpg 600w, https:\/\/portoinabottle.com\/wp-content\/uploads\/2025\/07\/SOCIOS-460x460.jpg 460w\" sizes=\"(max-width: 640px) 100vw, 640px\" \/>\t\t\t\t\t\t\t\t\t\t\t\t\t\t\t<\/div>\n\t\t\t\t<\/div>\n\t\t\t\t\t<\/div>\n\t\t<\/div>\n\t\t\t\t<div class=\"elementor-column elementor-col-25 elementor-top-column elementor-element elementor-element-ce2e75a sc_content_align_inherit sc_layouts_column_icons_position_left sc_fly_static\" data-id=\"ce2e75a\" data-element_type=\"column\" data-e-type=\"column\">\n\t\t\t<div class=\"elementor-widget-wrap elementor-element-populated\">\n\t\t\t\t\t\t<div class=\"elementor-element elementor-element-77409bc sc_fly_static elementor-widget elementor-widget-text-editor\" data-id=\"77409bc\" data-element_type=\"widget\" data-e-type=\"widget\" data-widget_type=\"text-editor.default\">\n\t\t\t\t<div class=\"elementor-widget-container\">\n\t\t\t\t\t\t\t\t\t<p data-start=\"225\" data-end=\"534\">Depuis 2013, dans la c\u00e9l\u00e8bre Rua das Flores, nous offrons \u00e0 nos clients une curation de produits r\u00e9gionaux \u2014 dont beaucoup exclusifs \u2014 qui racontent des histoires de tradition, de famille et de territoire.<\/p><p data-start=\"536\" data-end=\"691\">Avec un service proche et personnalis\u00e9, nous partageons bien plus que des bouteilles : nous partageons exp\u00e9riences, souvenirs et la passion pour tout ce que le vin implique.<\/p>\t\t\t\t\t\t\t\t<\/div>\n\t\t\t\t<\/div>\n\t\t\t\t\t<\/div>\n\t\t<\/div>\n\t\t\t\t<div class=\"elementor-column elementor-col-25 elementor-top-column elementor-element elementor-element-4ea5fde sc_content_align_inherit sc_layouts_column_icons_position_left sc_fly_static\" data-id=\"4ea5fde\" data-element_type=\"column\" data-e-type=\"column\">\n\t\t\t<div class=\"elementor-widget-wrap elementor-element-populated\">\n\t\t\t\t\t\t<div class=\"elementor-element elementor-element-365e1e1 sc_fly_static elementor-widget elementor-widget-text-editor\" data-id=\"365e1e1\" data-element_type=\"widget\" data-e-type=\"widget\" data-widget_type=\"text-editor.default\">\n\t\t\t\t<div class=\"elementor-widget-container\">\n\t\t\t\t\t\t\t\t\t<p>\u00ab Pour nous, le vin est une m\u00e9moire liquide. Nous avons grandi avec elle, nous en avons appris et aujourd\u2019hui nous avons le privil\u00e8ge de la partager avec ceux qui nous rendent visite. \u00bb<br><br><strong data-start=\"698\" data-end=\"729\">C\u00e9lia Lino &amp; Marco Ferreira<\/strong><br data-start=\"729\" data-end=\"732\"><em data-start=\"732\" data-end=\"744\">Fondateurs<\/em><\/p>\t\t\t\t\t\t\t\t<\/div>\n\t\t\t\t<\/div>\n\t\t\t\t\t<\/div>\n\t\t<\/div>\n\t\t\t\t\t<\/div>\n\t\t<\/section>\n\t\t\t\t<section class=\"elementor-section elementor-top-section elementor-element elementor-element-ff6ebc6 elementor-section-boxed elementor-section-height-default elementor-section-height-default sc_fly_static\" data-id=\"ff6ebc6\" data-element_type=\"section\" data-e-type=\"section\">\n\t\t\t\t\t\t<div class=\"elementor-container elementor-column-gap-extended\">\n\t\t\t\t\t<div class=\"elementor-column elementor-col-100 elementor-top-column elementor-element elementor-element-003c130 sc_content_align_inherit sc_layouts_column_icons_position_left sc_fly_static\" data-id=\"003c130\" data-element_type=\"column\" data-e-type=\"column\">\n\t\t\t<div class=\"elementor-widget-wrap elementor-element-populated\">\n\t\t\t\t\t\t<div class=\"elementor-element elementor-element-25ccb5b sc_height_huge sc_fly_static elementor-widget elementor-widget-spacer\" data-id=\"25ccb5b\" data-element_type=\"widget\" data-e-type=\"widget\" data-widget_type=\"spacer.default\">\n\t\t\t\t<div class=\"elementor-widget-container\">\n\t\t\t\t\t\t\t<div class=\"elementor-spacer\">\n\t\t\t<div class=\"elementor-spacer-inner\"><\/div>\n\t\t<\/div>\n\t\t\t\t\t\t<\/div>\n\t\t\t\t<\/div>\n\t\t\t\t\t<\/div>\n\t\t<\/div>\n\t\t\t\t\t<\/div>\n\t\t<\/section>\n\t\t\t\t<section class=\"elementor-section elementor-top-section elementor-element elementor-element-35f1122 elementor-section-boxed elementor-section-height-default elementor-section-height-default sc_fly_static\" data-id=\"35f1122\" data-element_type=\"section\" data-e-type=\"section\" data-settings=\"{&quot;background_background&quot;:&quot;classic&quot;}\">\n\t\t\t\t\t\t<div class=\"elementor-container elementor-column-gap-extended\">\n\t\t\t\t\t<div class=\"elementor-column elementor-col-100 elementor-top-column elementor-element elementor-element-6bad76a sc_content_align_inherit sc_layouts_column_icons_position_left sc_fly_static\" data-id=\"6bad76a\" data-element_type=\"column\" data-e-type=\"column\">\n\t\t\t<div class=\"elementor-widget-wrap\">\n\t\t\t\t\t\t\t<\/div>\n\t\t<\/div>\n\t\t\t\t\t<\/div>\n\t\t<\/section>\n\t\t\t\t<section class=\"elementor-section elementor-top-section elementor-element elementor-element-5345d64 scheme_default elementor-section-boxed elementor-section-height-default elementor-section-height-default sc_fly_static\" data-id=\"5345d64\" data-element_type=\"section\" data-e-type=\"section\" data-settings=\"{&quot;background_background&quot;:&quot;classic&quot;}\">\n\t\t\t\t\t\t<div class=\"elementor-container elementor-column-gap-extended\">\n\t\t\t\t\t<div class=\"elementor-column elementor-col-100 elementor-top-column elementor-element elementor-element-af99568 sc_content_align_inherit sc_layouts_column_icons_position_left sc_fly_static\" data-id=\"af99568\" data-element_type=\"column\" data-e-type=\"column\">\n\t\t\t<div class=\"elementor-widget-wrap elementor-element-populated\">\n\t\t\t\t\t\t<div class=\"elementor-element elementor-element-51360f5 sc_height_huge sc_fly_static elementor-widget elementor-widget-spacer\" data-id=\"51360f5\" data-element_type=\"widget\" data-e-type=\"widget\" data-widget_type=\"spacer.default\">\n\t\t\t\t<div class=\"elementor-widget-container\">\n\t\t\t\t\t\t\t<div class=\"elementor-spacer\">\n\t\t\t<div class=\"elementor-spacer-inner\"><\/div>\n\t\t<\/div>\n\t\t\t\t\t\t<\/div>\n\t\t\t\t<\/div>\n\t\t\t\t\t<\/div>\n\t\t<\/div>\n\t\t\t\t\t<\/div>\n\t\t<\/section>\n\t\t\t\t<section class=\"elementor-section elementor-top-section elementor-element elementor-element-3126511 scheme_default elementor-section-boxed elementor-section-height-default elementor-section-height-default sc_fly_static\" data-id=\"3126511\" data-element_type=\"section\" data-e-type=\"section\" data-settings=\"{&quot;background_background&quot;:&quot;classic&quot;}\">\n\t\t\t\t\t\t<div class=\"elementor-container elementor-column-gap-extended\">\n\t\t\t\t\t<div class=\"elementor-column elementor-col-50 elementor-top-column elementor-element elementor-element-870afc3 sc_content_align_inherit sc_layouts_column_icons_position_left sc_fly_static\" data-id=\"870afc3\" data-element_type=\"column\" data-e-type=\"column\">\n\t\t\t<div class=\"elementor-widget-wrap elementor-element-populated\">\n\t\t\t\t\t\t<div data-animation-type=\"block\" class=\"elementor-element elementor-element-cbc1e8f no-title animation_type_block sc_fly_static elementor-invisible elementor-widget elementor-widget-image\" data-id=\"cbc1e8f\" data-element_type=\"widget\" data-e-type=\"widget\" data-settings=\"{&quot;_animation&quot;:&quot;floria-fadeinup&quot;}\" data-widget_type=\"image.default\">\n\t\t\t\t<div class=\"elementor-widget-container\">\n\t\t\t\t\t\t\t\t\t\t\t\t\t\t\t<img decoding=\"async\" width=\"540\" height=\"960\" src=\"https:\/\/portoinabottle.com\/wp-content\/uploads\/2025\/07\/LOJA_Porto-in-a-Bottle.jpg\" class=\"attachment-full size-full wp-image-37834\" alt=\"\" srcset=\"https:\/\/portoinabottle.com\/wp-content\/uploads\/2025\/07\/LOJA_Porto-in-a-Bottle.jpg 540w, https:\/\/portoinabottle.com\/wp-content\/uploads\/2025\/07\/LOJA_Porto-in-a-Bottle-169x300.jpg 169w, https:\/\/portoinabottle.com\/wp-content\/uploads\/2025\/07\/LOJA_Porto-in-a-Bottle-370x658.jpg 370w, https:\/\/portoinabottle.com\/wp-content\/uploads\/2025\/07\/LOJA_Porto-in-a-Bottle-410x729.jpg 410w\" sizes=\"(max-width: 600px) 100vw, 540px\" \/>\t\t\t\t\t\t\t\t\t\t\t\t\t\t\t<\/div>\n\t\t\t\t<\/div>\n\t\t\t\t\t<\/div>\n\t\t<\/div>\n\t\t\t\t<div class=\"elementor-column elementor-col-50 elementor-top-column elementor-element elementor-element-ef5a174 sc_content_align_inherit sc_layouts_column_icons_position_left sc_fly_static\" data-id=\"ef5a174\" data-element_type=\"column\" data-e-type=\"column\">\n\t\t\t<div class=\"elementor-widget-wrap elementor-element-populated\">\n\t\t\t\t\t\t<div class=\"elementor-element elementor-element-71e0e6a elementor-widget__width-initial sc_fly_static elementor-widget elementor-widget-trx_sc_title\" data-id=\"71e0e6a\" data-element_type=\"widget\" data-e-type=\"widget\" data-widget_type=\"trx_sc_title.default\">\n\t\t\t\t<div class=\"elementor-widget-container\">\n\t\t\t\t\t<div\t\tclass=\"sc_title sc_title_default\" ><span class=\"sc_item_subtitle sc_title_subtitle sc_item_subtitle_above sc_item_title_style_default\">Approche de l\u2019identit\u00e9<\/span><h1 class=\"sc_item_title sc_title_title sc_item_title_style_default sc_item_title_tag\"\n\t\t\t><span class=\"sc_item_title_text\">S\u00e9lection soign\u00e9e et suggestions avec \u00e2me<\/span><\/h1><div class=\"sc_item_descr sc_title_descr\"><p>Chaque vin raconte une histoire \u2014 c\u2019est pourquoi nous choisissons chaque bouteille avec discernement et d\u00e9vouement. Nous croyons en une approche authentique et cr\u00e9ative, qui valorise les petits producteurs, la tradition locale et les exp\u00e9riences m\u00e9morables pour ceux qui nous rendent visite. <\/p>\n<\/div><\/div>\t\t\t\t<\/div>\n\t\t\t\t<\/div>\n\t\t\t\t<div class=\"elementor-element elementor-element-605aa7f sc_fly_static elementor-widget elementor-widget-spacer\" data-id=\"605aa7f\" data-element_type=\"widget\" data-e-type=\"widget\" data-widget_type=\"spacer.default\">\n\t\t\t\t<div class=\"elementor-widget-container\">\n\t\t\t\t\t\t\t<div class=\"elementor-spacer\">\n\t\t\t<div class=\"elementor-spacer-inner\"><\/div>\n\t\t<\/div>\n\t\t\t\t\t\t<\/div>\n\t\t\t\t<\/div>\n\t\t\t\t<div data-animation-type=\"block\" class=\"elementor-element elementor-element-ff626bd no-title animation_type_block sc_fly_static elementor-invisible elementor-widget elementor-widget-image\" data-id=\"ff626bd\" data-element_type=\"widget\" data-e-type=\"widget\" data-settings=\"{&quot;_animation&quot;:&quot;floria-fadeinup&quot;,&quot;_animation_delay&quot;:100}\" data-widget_type=\"image.default\">\n\t\t\t\t<div class=\"elementor-widget-container\">\n\t\t\t\t\t\t\t\t\t\t\t\t\t\t\t<img decoding=\"async\" width=\"960\" height=\"720\" src=\"https:\/\/portoinabottle.com\/wp-content\/uploads\/2025\/07\/PIB-InOut.jpg\" class=\"attachment-full size-full wp-image-37835\" alt=\"\" srcset=\"https:\/\/portoinabottle.com\/wp-content\/uploads\/2025\/07\/PIB-InOut.jpg 960w, https:\/\/portoinabottle.com\/wp-content\/uploads\/2025\/07\/PIB-InOut-300x225.jpg 300w, https:\/\/portoinabottle.com\/wp-content\/uploads\/2025\/07\/PIB-InOut-768x576.jpg 768w, https:\/\/portoinabottle.com\/wp-content\/uploads\/2025\/07\/PIB-InOut-370x278.jpg 370w, https:\/\/portoinabottle.com\/wp-content\/uploads\/2025\/07\/PIB-InOut-840x630.jpg 840w, https:\/\/portoinabottle.com\/wp-content\/uploads\/2025\/07\/PIB-InOut-410x308.jpg 410w, https:\/\/portoinabottle.com\/wp-content\/uploads\/2025\/07\/PIB-InOut-600x450.jpg 600w\" sizes=\"(max-width: 960px) 100vw, 960px\" \/>\t\t\t\t\t\t\t\t\t\t\t\t\t\t\t<\/div>\n\t\t\t\t<\/div>\n\t\t\t\t\t<\/div>\n\t\t<\/div>\n\t\t\t\t\t<\/div>\n\t\t<\/section>\n\t\t\t\t<section class=\"elementor-section elementor-top-section elementor-element elementor-element-88c424b elementor-section-boxed elementor-section-height-default elementor-section-height-default sc_fly_static\" data-id=\"88c424b\" data-element_type=\"section\" data-e-type=\"section\">\n\t\t\t\t\t\t<div class=\"elementor-container elementor-column-gap-extended\">\n\t\t\t\t\t<div class=\"elementor-column elementor-col-100 elementor-top-column elementor-element elementor-element-2631281 sc_content_align_inherit sc_layouts_column_icons_position_left sc_fly_static\" data-id=\"2631281\" data-element_type=\"column\" data-e-type=\"column\">\n\t\t\t<div class=\"elementor-widget-wrap elementor-element-populated\">\n\t\t\t\t\t\t<div class=\"elementor-element elementor-element-8b3ede4 sc_height_huge sc_fly_static elementor-widget elementor-widget-spacer\" data-id=\"8b3ede4\" data-element_type=\"widget\" data-e-type=\"widget\" data-widget_type=\"spacer.default\">\n\t\t\t\t<div class=\"elementor-widget-container\">\n\t\t\t\t\t\t\t<div class=\"elementor-spacer\">\n\t\t\t<div class=\"elementor-spacer-inner\"><\/div>\n\t\t<\/div>\n\t\t\t\t\t\t<\/div>\n\t\t\t\t<\/div>\n\t\t\t\t<div class=\"elementor-element elementor-element-5244011 sc_height_huge sc_fly_static elementor-widget elementor-widget-spacer\" data-id=\"5244011\" data-element_type=\"widget\" data-e-type=\"widget\" data-widget_type=\"spacer.default\">\n\t\t\t\t<div class=\"elementor-widget-container\">\n\t\t\t\t\t\t\t<div class=\"elementor-spacer\">\n\t\t\t<div class=\"elementor-spacer-inner\"><\/div>\n\t\t<\/div>\n\t\t\t\t\t\t<\/div>\n\t\t\t\t<\/div>\n\t\t\t\t\t<\/div>\n\t\t<\/div>\n\t\t\t\t\t<\/div>\n\t\t<\/section>\n\t\t\t\t<\/div>\n\t\t","protected":false},"excerpt":{"rendered":"<p>Ce que nous faisons S\u00e9lection unique de vins et de saveurs avec identit\u00e9 Chez Porto In A Bottle, nous c\u00e9l\u00e9brons les vins et boissons qui repr\u00e9sentent le mieux l\u2019\u00e2me du&hellip;<\/p>\n","protected":false},"author":2,"featured_media":0,"parent":0,"menu_order":0,"comment_status":"closed","ping_status":"closed","template":"","meta":{"footnotes":""},"class_list":["post-37831","page","type-page","status-publish","hentry"],"_links":{"self":[{"href":"https:\/\/portoinabottle.com\/fr\/wp-json\/wp\/v2\/pages\/37831","targetHints":{"allow":["GET"]}}],"collection":[{"href":"https:\/\/portoinabottle.com\/fr\/wp-json\/wp\/v2\/pages"}],"about":[{"href":"https:\/\/portoinabottle.com\/fr\/wp-json\/wp\/v2\/types\/page"}],"author":[{"embeddable":true,"href":"https:\/\/portoinabottle.com\/fr\/wp-json\/wp\/v2\/users\/2"}],"replies":[{"embeddable":true,"href":"https:\/\/portoinabottle.com\/fr\/wp-json\/wp\/v2\/comments?post=37831"}],"version-history":[{"count":1,"href":"https:\/\/portoinabottle.com\/fr\/wp-json\/wp\/v2\/pages\/37831\/revisions"}],"predecessor-version":[{"id":37837,"href":"https:\/\/portoinabottle.com\/fr\/wp-json\/wp\/v2\/pages\/37831\/revisions\/37837"}],"wp:attachment":[{"href":"https:\/\/portoinabottle.com\/fr\/wp-json\/wp\/v2\/media?parent=37831"}],"curies":[{"name":"wp","href":"https:\/\/api.w.org\/{rel}","templated":true}]}}