{"id":37572,"date":"2025-12-01T17:39:59","date_gmt":"2025-12-01T17:39:59","guid":{"rendered":"https:\/\/portoinabottle.com\/product\/abandonne-en-2013-2\/"},"modified":"2025-12-01T17:39:59","modified_gmt":"2025-12-01T17:39:59","slug":"abandonne-en-2013-2","status":"publish","type":"product","link":"https:\/\/portoinabottle.com\/fr\/produit\/abandonne-en-2013-2\/","title":{"rendered":"Abandonn\u00e9 en 2013"},"content":{"rendered":"<p>Couleur rubis profond. Grande complexit\u00e9 et fra\u00eecheur aromatique, avec des notes balsamiques et goudronn\u00e9es inhabituelles, de r\u00e9glisse et de fruits noirs, typiques du vignoble Abandonado. Bouche pleine d\u2019harmonie, avec intensit\u00e9 mais aussi d\u00e9licatesse, min\u00e9ralit\u00e9 et une puret\u00e9 extraordinaire du fruit. On sent le schiste des sols, la for\u00eat environnante, la fra\u00eecheur de l\u2019altitude, dans une expression pure de la nature du vignoble. Un exercice d\u2019\u00e9l\u00e9gance pure et de classe de l\u2019un des vignobles les plus embl\u00e9matiques du Douro et du Portugal.<\/p>\n","protected":false},"excerpt":{"rendered":"<p>C\u00e9pages : Tinta Amarela Touriga Franca, Touriga Nacional, Sous\u00e3o, autres (20 c\u00e9pages indig\u00e8nes)<\/p>\n","protected":false},"featured_media":37573,"comment_status":"open","ping_status":"closed","template":"","meta":[],"product_brand":[],"product_cat":[412],"product_tag":[413],"class_list":{"0":"post-37572","1":"product","2":"type-product","3":"status-publish","4":"has-post-thumbnail","6":"product_cat-rouge","7":"product_tag-red-vin-douro-vin-vinho-rouge-old-vignobles-vinhas-anciens","9":"first","10":"instock","11":"taxable","12":"shipping-taxable","13":"purchasable","14":"product-type-simple"},"_links":{"self":[{"href":"https:\/\/portoinabottle.com\/fr\/wp-json\/wp\/v2\/product\/37572","targetHints":{"allow":["GET"]}}],"collection":[{"href":"https:\/\/portoinabottle.com\/fr\/wp-json\/wp\/v2\/product"}],"about":[{"href":"https:\/\/portoinabottle.com\/fr\/wp-json\/wp\/v2\/types\/product"}],"replies":[{"embeddable":true,"href":"https:\/\/portoinabottle.com\/fr\/wp-json\/wp\/v2\/comments?post=37572"}],"wp:featuredmedia":[{"embeddable":true,"href":"https:\/\/portoinabottle.com\/fr\/wp-json\/wp\/v2\/media\/37573"}],"wp:attachment":[{"href":"https:\/\/portoinabottle.com\/fr\/wp-json\/wp\/v2\/media?parent=37572"}],"wp:term":[{"taxonomy":"product_brand","embeddable":true,"href":"https:\/\/portoinabottle.com\/fr\/wp-json\/wp\/v2\/product_brand?post=37572"},{"taxonomy":"product_cat","embeddable":true,"href":"https:\/\/portoinabottle.com\/fr\/wp-json\/wp\/v2\/product_cat?post=37572"},{"taxonomy":"product_tag","embeddable":true,"href":"https:\/\/portoinabottle.com\/fr\/wp-json\/wp\/v2\/product_tag?post=37572"}],"curies":[{"name":"wp","href":"https:\/\/api.w.org\/{rel}","templated":true}]}}