{"id":37582,"date":"2025-12-01T17:40:00","date_gmt":"2025-12-01T17:40:00","guid":{"rendered":"https:\/\/portoinabottle.com\/product\/quinta-do-estanho-reserva-red-2015\/"},"modified":"2026-01-07T21:45:48","modified_gmt":"2026-01-07T21:45:48","slug":"quinta-do-estanho-reserva-red-2015","status":"publish","type":"product","link":"https:\/\/portoinabottle.com\/fr\/produit\/quinta-do-estanho-reserva-red-2015\/","title":{"rendered":"Quinta do Estanho Reserva Red 2015"},"content":{"rendered":"<p>Couleur rubis profond. Ar\u00f4me aux notes subtiles de fruits noirs, avec une ar\u00f4me de myrtille, combin\u00e9e \u00e0 des notes de figue, moka et cacao. En bouche, il r\u00e9v\u00e8le une fra\u00eecheur remarquable, une structure et un \u00e9quilibre excellents, avec des tanins fermes et une grande qualit\u00e9. Sa finale est complexe, r\u00e9v\u00e9lant une grande \u00e9l\u00e9gance et une persistance aromatique.   <\/p>\n","protected":false},"excerpt":{"rendered":"<p>C\u00e9pages : Touriga nacional, Touriga franca et Tinta Roriz<\/p>\n","protected":false},"featured_media":37583,"comment_status":"open","ping_status":"closed","template":"","meta":[],"product_brand":[],"product_cat":[416],"product_tag":[417],"class_list":{"0":"post-37582","1":"product","2":"type-product","3":"status-publish","4":"has-post-thumbnail","6":"product_cat-rouge-2","7":"product_tag-red-vin-douro-vin-vinho-rouge-red-reserve-tinto-reserve","9":"first","10":"instock","11":"taxable","12":"shipping-taxable","13":"purchasable","14":"product-type-simple"},"_links":{"self":[{"href":"https:\/\/portoinabottle.com\/fr\/wp-json\/wp\/v2\/product\/37582","targetHints":{"allow":["GET"]}}],"collection":[{"href":"https:\/\/portoinabottle.com\/fr\/wp-json\/wp\/v2\/product"}],"about":[{"href":"https:\/\/portoinabottle.com\/fr\/wp-json\/wp\/v2\/types\/product"}],"replies":[{"embeddable":true,"href":"https:\/\/portoinabottle.com\/fr\/wp-json\/wp\/v2\/comments?post=37582"}],"wp:featuredmedia":[{"embeddable":true,"href":"https:\/\/portoinabottle.com\/fr\/wp-json\/wp\/v2\/media\/37583"}],"wp:attachment":[{"href":"https:\/\/portoinabottle.com\/fr\/wp-json\/wp\/v2\/media?parent=37582"}],"wp:term":[{"taxonomy":"product_brand","embeddable":true,"href":"https:\/\/portoinabottle.com\/fr\/wp-json\/wp\/v2\/product_brand?post=37582"},{"taxonomy":"product_cat","embeddable":true,"href":"https:\/\/portoinabottle.com\/fr\/wp-json\/wp\/v2\/product_cat?post=37582"},{"taxonomy":"product_tag","embeddable":true,"href":"https:\/\/portoinabottle.com\/fr\/wp-json\/wp\/v2\/product_tag?post=37582"}],"curies":[{"name":"wp","href":"https:\/\/api.w.org\/{rel}","templated":true}]}}