{"id":37793,"date":"2025-12-01T17:39:59","date_gmt":"2025-12-01T17:39:59","guid":{"rendered":"https:\/\/portoinabottle.com\/product\/quinta-do-estanho-reserva-white-2017\/"},"modified":"2025-12-01T17:39:59","modified_gmt":"2025-12-01T17:39:59","slug":"quinta-do-estanho-reserva-white-2017","status":"publish","type":"product","link":"https:\/\/portoinabottle.com\/fr\/produit\/quinta-do-estanho-reserva-white-2017\/","title":{"rendered":"Quinta do Estanho Reserva White 2017"},"content":{"rendered":"<p>Couleur jaune paille. Notes de fruits tropicaux (ananas et papaye), avoine, vanille et c\u00e9r\u00e9ales grill\u00e9es d\u2019une grande \u00e9l\u00e9gance. Go\u00fbt frais et min\u00e9ral, avec une grande persistance.  <\/p>\n","protected":false},"excerpt":{"rendered":"<p>C\u00e9pages : 80 % Arinto + 20 % assemblage de Viosinho et Rabigato<\/p>\n","protected":false},"featured_media":37795,"comment_status":"open","ping_status":"closed","template":"","meta":[],"product_brand":[],"product_cat":[436],"product_tag":[437],"class_list":{"0":"post-37793","1":"product","2":"type-product","3":"status-publish","4":"has-post-thumbnail","6":"product_cat-blanc","7":"product_tag-white-vin-douro-reserve-de-white-blanc-vinho-reserve-de-douro-blanc-branco-reserve","9":"first","10":"instock","11":"taxable","12":"shipping-taxable","13":"purchasable","14":"product-type-simple"},"_links":{"self":[{"href":"https:\/\/portoinabottle.com\/fr\/wp-json\/wp\/v2\/product\/37793","targetHints":{"allow":["GET"]}}],"collection":[{"href":"https:\/\/portoinabottle.com\/fr\/wp-json\/wp\/v2\/product"}],"about":[{"href":"https:\/\/portoinabottle.com\/fr\/wp-json\/wp\/v2\/types\/product"}],"replies":[{"embeddable":true,"href":"https:\/\/portoinabottle.com\/fr\/wp-json\/wp\/v2\/comments?post=37793"}],"wp:featuredmedia":[{"embeddable":true,"href":"https:\/\/portoinabottle.com\/fr\/wp-json\/wp\/v2\/media\/37795"}],"wp:attachment":[{"href":"https:\/\/portoinabottle.com\/fr\/wp-json\/wp\/v2\/media?parent=37793"}],"wp:term":[{"taxonomy":"product_brand","embeddable":true,"href":"https:\/\/portoinabottle.com\/fr\/wp-json\/wp\/v2\/product_brand?post=37793"},{"taxonomy":"product_cat","embeddable":true,"href":"https:\/\/portoinabottle.com\/fr\/wp-json\/wp\/v2\/product_cat?post=37793"},{"taxonomy":"product_tag","embeddable":true,"href":"https:\/\/portoinabottle.com\/fr\/wp-json\/wp\/v2\/product_tag?post=37793"}],"curies":[{"name":"wp","href":"https:\/\/api.w.org\/{rel}","templated":true}]}}