{"id":37797,"date":"2025-12-01T17:39:59","date_gmt":"2025-12-01T17:39:59","guid":{"rendered":"https:\/\/portoinabottle.com\/product\/quinta-do-estanho-superieure-recolte-2017\/"},"modified":"2025-12-01T17:39:59","modified_gmt":"2025-12-01T17:39:59","slug":"quinta-do-estanho-superieure-recolte-2017","status":"publish","type":"product","link":"https:\/\/portoinabottle.com\/fr\/produit\/quinta-do-estanho-superieure-recolte-2017\/","title":{"rendered":"Quinta do Estanho Sup\u00e9rieure R\u00e9colte 2017"},"content":{"rendered":"<p>Couleur rubis intense. L\u2019ar\u00f4me est complexe, avec des ar\u00f4mes floraux m\u00eal\u00e9s \u00e0 des fruits rouges et sauvages, des notes d\u2019\u00e9pices (muscade et clous de girofle). Il r\u00e9v\u00e8le des nuances de rocher et de menthol qui lui donnent de la fra\u00eecheur. En bouche, il surprend par son acidit\u00e9 \u00e9quilibr\u00e9e, sa concentration et ses tanins fins et soyeux. La fin est longue et persistante, d\u2019une grande persistance.<\/p>\n","protected":false},"excerpt":{"rendered":"<p>C\u00e9pages : Douro traditionnel<\/p>\n","protected":false},"featured_media":0,"comment_status":"open","ping_status":"closed","template":"","meta":[],"product_brand":[],"product_cat":[442],"product_tag":[443],"class_list":{"0":"post-37797","1":"product","2":"type-product","3":"status-publish","5":"product_cat-rouge-3","6":"product_tag-red-vin-douro-vin-vinho-rouge","8":"first","9":"instock","10":"taxable","11":"shipping-taxable","12":"purchasable","13":"product-type-simple"},"_links":{"self":[{"href":"https:\/\/portoinabottle.com\/fr\/wp-json\/wp\/v2\/product\/37797","targetHints":{"allow":["GET"]}}],"collection":[{"href":"https:\/\/portoinabottle.com\/fr\/wp-json\/wp\/v2\/product"}],"about":[{"href":"https:\/\/portoinabottle.com\/fr\/wp-json\/wp\/v2\/types\/product"}],"replies":[{"embeddable":true,"href":"https:\/\/portoinabottle.com\/fr\/wp-json\/wp\/v2\/comments?post=37797"}],"wp:attachment":[{"href":"https:\/\/portoinabottle.com\/fr\/wp-json\/wp\/v2\/media?parent=37797"}],"wp:term":[{"taxonomy":"product_brand","embeddable":true,"href":"https:\/\/portoinabottle.com\/fr\/wp-json\/wp\/v2\/product_brand?post=37797"},{"taxonomy":"product_cat","embeddable":true,"href":"https:\/\/portoinabottle.com\/fr\/wp-json\/wp\/v2\/product_cat?post=37797"},{"taxonomy":"product_tag","embeddable":true,"href":"https:\/\/portoinabottle.com\/fr\/wp-json\/wp\/v2\/product_tag?post=37797"}],"curies":[{"name":"wp","href":"https:\/\/api.w.org\/{rel}","templated":true}]}}