{"id":37802,"date":"2025-12-01T17:39:59","date_gmt":"2025-12-01T17:39:59","guid":{"rendered":"https:\/\/portoinabottle.com\/product\/vale-da-raposa-grande-escolha\/"},"modified":"2025-12-01T17:39:59","modified_gmt":"2025-12-01T17:39:59","slug":"vale-da-raposa-grande-escolha","status":"publish","type":"product","link":"https:\/\/portoinabottle.com\/fr\/produit\/vale-da-raposa-grande-escolha\/","title":{"rendered":"Vale da Raposa Grande Escolha"},"content":{"rendered":"<p>Couleur rubis profond. Ar\u00f4mes de cerises acides, chocolat noir, violettes et bo\u00eete \u00e0 cigares. Tr\u00e8s complexe et \u00e9l\u00e9gant, \u00e9l\u00e9gant, captivant, avec une grande harmonie et une longue finale.  <\/p>\n","protected":false},"excerpt":{"rendered":"<p>C\u00e9pages : Vinhas Velhas (60 ans et 15 c\u00e9pages indig\u00e8nes)<\/p>\n","protected":false},"featured_media":37804,"comment_status":"open","ping_status":"closed","template":"","meta":[],"product_brand":[],"product_cat":[412],"product_tag":[413],"class_list":{"0":"post-37802","1":"product","2":"type-product","3":"status-publish","4":"has-post-thumbnail","6":"product_cat-rouge","7":"product_tag-red-vin-douro-vin-vinho-rouge-old-vignobles-vinhas-anciens","9":"first","10":"instock","11":"taxable","12":"shipping-taxable","13":"purchasable","14":"product-type-simple"},"_links":{"self":[{"href":"https:\/\/portoinabottle.com\/fr\/wp-json\/wp\/v2\/product\/37802","targetHints":{"allow":["GET"]}}],"collection":[{"href":"https:\/\/portoinabottle.com\/fr\/wp-json\/wp\/v2\/product"}],"about":[{"href":"https:\/\/portoinabottle.com\/fr\/wp-json\/wp\/v2\/types\/product"}],"replies":[{"embeddable":true,"href":"https:\/\/portoinabottle.com\/fr\/wp-json\/wp\/v2\/comments?post=37802"}],"wp:featuredmedia":[{"embeddable":true,"href":"https:\/\/portoinabottle.com\/fr\/wp-json\/wp\/v2\/media\/37804"}],"wp:attachment":[{"href":"https:\/\/portoinabottle.com\/fr\/wp-json\/wp\/v2\/media?parent=37802"}],"wp:term":[{"taxonomy":"product_brand","embeddable":true,"href":"https:\/\/portoinabottle.com\/fr\/wp-json\/wp\/v2\/product_brand?post=37802"},{"taxonomy":"product_cat","embeddable":true,"href":"https:\/\/portoinabottle.com\/fr\/wp-json\/wp\/v2\/product_cat?post=37802"},{"taxonomy":"product_tag","embeddable":true,"href":"https:\/\/portoinabottle.com\/fr\/wp-json\/wp\/v2\/product_tag?post=37802"}],"curies":[{"name":"wp","href":"https:\/\/api.w.org\/{rel}","templated":true}]}}