{"id":37806,"date":"2025-12-01T17:40:00","date_gmt":"2025-12-01T17:40:00","guid":{"rendered":"https:\/\/portoinabottle.com\/product\/porto-furada-rose\/"},"modified":"2025-12-01T17:40:00","modified_gmt":"2025-12-01T17:40:00","slug":"porto-furada-rose","status":"publish","type":"product","link":"https:\/\/portoinabottle.com\/fr\/produit\/porto-furada-rose\/","title":{"rendered":"Porto Furada Rose"},"content":{"rendered":"<p>De couleur claire, saumon, le vin pr\u00e9sente des notes intenses de petits fruits rouges. Tr\u00e8s \u00e9quilibr\u00e9 en bouche, le fruit pr\u00e9sente une acidit\u00e9 bien assortie et une finale <\/p>\n","protected":false},"excerpt":{"rendered":"<p>C\u2019est un assemblage issu des plus anciennes vignes de la Quinta<\/p>\n","protected":false},"featured_media":37808,"comment_status":"open","ping_status":"closed","template":"","meta":[],"product_brand":[],"product_cat":[445],"product_tag":[446],"class_list":{"0":"post-37806","1":"product","2":"type-product","3":"status-publish","4":"has-post-thumbnail","6":"product_cat-rose","7":"product_tag-pink-port-rose-port-old-vineyards-port-old-pink-port-porto-rose-vinhas-velhas","9":"first","10":"instock","11":"taxable","12":"shipping-taxable","13":"purchasable","14":"product-type-simple"},"_links":{"self":[{"href":"https:\/\/portoinabottle.com\/fr\/wp-json\/wp\/v2\/product\/37806","targetHints":{"allow":["GET"]}}],"collection":[{"href":"https:\/\/portoinabottle.com\/fr\/wp-json\/wp\/v2\/product"}],"about":[{"href":"https:\/\/portoinabottle.com\/fr\/wp-json\/wp\/v2\/types\/product"}],"replies":[{"embeddable":true,"href":"https:\/\/portoinabottle.com\/fr\/wp-json\/wp\/v2\/comments?post=37806"}],"wp:featuredmedia":[{"embeddable":true,"href":"https:\/\/portoinabottle.com\/fr\/wp-json\/wp\/v2\/media\/37808"}],"wp:attachment":[{"href":"https:\/\/portoinabottle.com\/fr\/wp-json\/wp\/v2\/media?parent=37806"}],"wp:term":[{"taxonomy":"product_brand","embeddable":true,"href":"https:\/\/portoinabottle.com\/fr\/wp-json\/wp\/v2\/product_brand?post=37806"},{"taxonomy":"product_cat","embeddable":true,"href":"https:\/\/portoinabottle.com\/fr\/wp-json\/wp\/v2\/product_cat?post=37806"},{"taxonomy":"product_tag","embeddable":true,"href":"https:\/\/portoinabottle.com\/fr\/wp-json\/wp\/v2\/product_tag?post=37806"}],"curies":[{"name":"wp","href":"https:\/\/api.w.org\/{rel}","templated":true}]}}