{"id":37807,"date":"2025-12-01T17:39:59","date_gmt":"2025-12-01T17:39:59","guid":{"rendered":"https:\/\/portoinabottle.com\/product\/reserve-speciale-caldas-porto-ruby\/"},"modified":"2025-12-01T17:39:59","modified_gmt":"2025-12-01T17:39:59","slug":"reserve-speciale-caldas-porto-ruby","status":"publish","type":"product","link":"https:\/\/portoinabottle.com\/fr\/produit\/reserve-speciale-caldas-porto-ruby\/","title":{"rendered":"R\u00e9serve sp\u00e9ciale Caldas Porto Ruby"},"content":{"rendered":"<p>Couleur rubis profond. Des ar\u00f4mes de prunes noires et de figues s\u00e9ch\u00e9es ainsi que des notes de massepain et d\u2019une vari\u00e9t\u00e9 d\u2019\u00e9pices. Tr\u00e8s engageant et \u00e9quilibr\u00e9 mais avec une forte personnalit\u00e9. Longue et harmonieuse fin.   <\/p>\n","protected":false},"excerpt":{"rendered":"<p>C\u00e9pages : Tinta Francisca, Touriga Franca, Tinto C\u00e3o et Sous\u00e3o<\/p>\n","protected":false},"featured_media":37809,"comment_status":"open","ping_status":"closed","template":"","meta":[],"product_brand":[],"product_cat":[447],"product_tag":[448],"class_list":{"0":"post-37807","1":"product","2":"type-product","3":"status-publish","4":"has-post-thumbnail","6":"product_cat-ruby","7":"product_tag-ruby-port","9":"first","10":"instock","11":"taxable","12":"shipping-taxable","13":"purchasable","14":"product-type-simple"},"_links":{"self":[{"href":"https:\/\/portoinabottle.com\/fr\/wp-json\/wp\/v2\/product\/37807","targetHints":{"allow":["GET"]}}],"collection":[{"href":"https:\/\/portoinabottle.com\/fr\/wp-json\/wp\/v2\/product"}],"about":[{"href":"https:\/\/portoinabottle.com\/fr\/wp-json\/wp\/v2\/types\/product"}],"replies":[{"embeddable":true,"href":"https:\/\/portoinabottle.com\/fr\/wp-json\/wp\/v2\/comments?post=37807"}],"wp:featuredmedia":[{"embeddable":true,"href":"https:\/\/portoinabottle.com\/fr\/wp-json\/wp\/v2\/media\/37809"}],"wp:attachment":[{"href":"https:\/\/portoinabottle.com\/fr\/wp-json\/wp\/v2\/media?parent=37807"}],"wp:term":[{"taxonomy":"product_brand","embeddable":true,"href":"https:\/\/portoinabottle.com\/fr\/wp-json\/wp\/v2\/product_brand?post=37807"},{"taxonomy":"product_cat","embeddable":true,"href":"https:\/\/portoinabottle.com\/fr\/wp-json\/wp\/v2\/product_cat?post=37807"},{"taxonomy":"product_tag","embeddable":true,"href":"https:\/\/portoinabottle.com\/fr\/wp-json\/wp\/v2\/product_tag?post=37807"}],"curies":[{"name":"wp","href":"https:\/\/api.w.org\/{rel}","templated":true}]}}