{"id":37810,"date":"2025-12-01T17:40:00","date_gmt":"2025-12-01T17:40:00","guid":{"rendered":"https:\/\/portoinabottle.com\/product\/vale-da-raposa-rose\/"},"modified":"2025-12-01T17:40:00","modified_gmt":"2025-12-01T17:40:00","slug":"vale-da-raposa-rose","status":"publish","type":"product","link":"https:\/\/portoinabottle.com\/fr\/produit\/vale-da-raposa-rose\/","title":{"rendered":"Vale da Raposa Ros\u00e9"},"content":{"rendered":"<p>Rose saumon. Des notes de pamplemousse et d\u2019\u00e9corce d\u2019orange, avec de l\u00e9g\u00e8res notes de framboise. Excellente fra\u00eecheur et acidit\u00e9 avec des fraises fra\u00eeches, des framboises et une grande min\u00e9ralit\u00e9. Un ros\u00e9 d\u2019une grande aptitude gastronomique mais tout aussi capable de bons moments en solo.<\/p>\n","protected":false},"excerpt":{"rendered":"<p>C\u00e9pages : Touriga Nacional et Tinta Roriz<\/p>\n","protected":false},"featured_media":0,"comment_status":"open","ping_status":"closed","template":"","meta":[],"product_brand":[],"product_cat":[289],"product_tag":[449],"class_list":{"0":"post-37810","1":"product","2":"type-product","3":"status-publish","5":"product_cat-sem-categoria","6":"product_tag-pink-vin-rose-vin-vinho-rose","8":"first","9":"instock","10":"taxable","11":"shipping-taxable","12":"purchasable","13":"product-type-simple"},"_links":{"self":[{"href":"https:\/\/portoinabottle.com\/fr\/wp-json\/wp\/v2\/product\/37810","targetHints":{"allow":["GET"]}}],"collection":[{"href":"https:\/\/portoinabottle.com\/fr\/wp-json\/wp\/v2\/product"}],"about":[{"href":"https:\/\/portoinabottle.com\/fr\/wp-json\/wp\/v2\/types\/product"}],"replies":[{"embeddable":true,"href":"https:\/\/portoinabottle.com\/fr\/wp-json\/wp\/v2\/comments?post=37810"}],"wp:attachment":[{"href":"https:\/\/portoinabottle.com\/fr\/wp-json\/wp\/v2\/media?parent=37810"}],"wp:term":[{"taxonomy":"product_brand","embeddable":true,"href":"https:\/\/portoinabottle.com\/fr\/wp-json\/wp\/v2\/product_brand?post=37810"},{"taxonomy":"product_cat","embeddable":true,"href":"https:\/\/portoinabottle.com\/fr\/wp-json\/wp\/v2\/product_cat?post=37810"},{"taxonomy":"product_tag","embeddable":true,"href":"https:\/\/portoinabottle.com\/fr\/wp-json\/wp\/v2\/product_tag?post=37810"}],"curies":[{"name":"wp","href":"https:\/\/api.w.org\/{rel}","templated":true}]}}