{"id":37865,"date":"2025-12-01T17:39:59","date_gmt":"2025-12-01T17:39:59","guid":{"rendered":"https:\/\/portoinabottle.com\/product\/andresen-dry-white\/"},"modified":"2025-12-01T17:39:59","modified_gmt":"2025-12-01T17:39:59","slug":"andresen-dry-white","status":"publish","type":"product","link":"https:\/\/portoinabottle.com\/fr\/produit\/andresen-dry-white\/","title":{"rendered":"Andresen Dry White"},"content":{"rendered":"<p>Couleur dor\u00e9e. Ar\u00f4me jeune, l\u00e9g\u00e8rement floral, avec des notes de figues dans du sirop sur l&rsquo;\u00ab Armagnac \u00bb. <\/p>\n","protected":false},"excerpt":{"rendered":"<p>C\u00e9pages : 30 % de C\u00f3dega, 20 % d\u2019Arinto, 20 % de Rabigato et 30 % des diff\u00e9rentes vari\u00e9t\u00e9s blanches traditionnelles de la r\u00e9gion<\/p>\n","protected":false},"featured_media":37867,"comment_status":"open","ping_status":"closed","template":"","meta":[],"product_brand":[],"product_cat":[470],"product_tag":[471],"class_list":{"0":"post-37865","1":"product","2":"type-product","3":"status-publish","4":"has-post-thumbnail","6":"product_cat-blanc-2","7":"product_tag-dry-port-blanc","9":"first","10":"instock","11":"taxable","12":"shipping-taxable","13":"purchasable","14":"product-type-simple"},"_links":{"self":[{"href":"https:\/\/portoinabottle.com\/fr\/wp-json\/wp\/v2\/product\/37865","targetHints":{"allow":["GET"]}}],"collection":[{"href":"https:\/\/portoinabottle.com\/fr\/wp-json\/wp\/v2\/product"}],"about":[{"href":"https:\/\/portoinabottle.com\/fr\/wp-json\/wp\/v2\/types\/product"}],"replies":[{"embeddable":true,"href":"https:\/\/portoinabottle.com\/fr\/wp-json\/wp\/v2\/comments?post=37865"}],"wp:featuredmedia":[{"embeddable":true,"href":"https:\/\/portoinabottle.com\/fr\/wp-json\/wp\/v2\/media\/37867"}],"wp:attachment":[{"href":"https:\/\/portoinabottle.com\/fr\/wp-json\/wp\/v2\/media?parent=37865"}],"wp:term":[{"taxonomy":"product_brand","embeddable":true,"href":"https:\/\/portoinabottle.com\/fr\/wp-json\/wp\/v2\/product_brand?post=37865"},{"taxonomy":"product_cat","embeddable":true,"href":"https:\/\/portoinabottle.com\/fr\/wp-json\/wp\/v2\/product_cat?post=37865"},{"taxonomy":"product_tag","embeddable":true,"href":"https:\/\/portoinabottle.com\/fr\/wp-json\/wp\/v2\/product_tag?post=37865"}],"curies":[{"name":"wp","href":"https:\/\/api.w.org\/{rel}","templated":true}]}}