{"id":37876,"date":"2025-12-01T17:40:00","date_gmt":"2025-12-01T17:40:00","guid":{"rendered":"https:\/\/portoinabottle.com\/product\/ours-blanc\/"},"modified":"2025-12-01T17:40:00","modified_gmt":"2025-12-01T17:40:00","slug":"ours-blanc","status":"publish","type":"product","link":"https:\/\/portoinabottle.com\/fr\/produit\/ours-blanc\/","title":{"rendered":"Ours blanc"},"content":{"rendered":"<p>Couleur vive. Nez intense, avec des notes de fruits blancs m\u00fbrs et de bois. Palais large et concentr\u00e9, montrant fra\u00eecheur et \u00e9l\u00e9gance. Une finale longue, \u00e9quilibr\u00e9e et fruit\u00e9e<\/p>\n","protected":false},"excerpt":{"rendered":"<p>S\u00e9lection des c\u00e9pages anciens<\/p>\n","protected":false},"featured_media":37877,"comment_status":"open","ping_status":"closed","template":"","meta":[],"product_brand":[],"product_cat":[481],"product_tag":[482],"class_list":{"0":"post-37876","1":"product","2":"type-product","3":"status-publish","4":"has-post-thumbnail","6":"product_cat-blanc-3","7":"product_tag-white-vin-douro-vignes-blanches-douro-anciennes-blanches-vinho-blanches-douro-vieilles-vignes-blanches","9":"first","10":"instock","11":"taxable","12":"shipping-taxable","13":"purchasable","14":"product-type-simple"},"_links":{"self":[{"href":"https:\/\/portoinabottle.com\/fr\/wp-json\/wp\/v2\/product\/37876","targetHints":{"allow":["GET"]}}],"collection":[{"href":"https:\/\/portoinabottle.com\/fr\/wp-json\/wp\/v2\/product"}],"about":[{"href":"https:\/\/portoinabottle.com\/fr\/wp-json\/wp\/v2\/types\/product"}],"replies":[{"embeddable":true,"href":"https:\/\/portoinabottle.com\/fr\/wp-json\/wp\/v2\/comments?post=37876"}],"wp:featuredmedia":[{"embeddable":true,"href":"https:\/\/portoinabottle.com\/fr\/wp-json\/wp\/v2\/media\/37877"}],"wp:attachment":[{"href":"https:\/\/portoinabottle.com\/fr\/wp-json\/wp\/v2\/media?parent=37876"}],"wp:term":[{"taxonomy":"product_brand","embeddable":true,"href":"https:\/\/portoinabottle.com\/fr\/wp-json\/wp\/v2\/product_brand?post=37876"},{"taxonomy":"product_cat","embeddable":true,"href":"https:\/\/portoinabottle.com\/fr\/wp-json\/wp\/v2\/product_cat?post=37876"},{"taxonomy":"product_tag","embeddable":true,"href":"https:\/\/portoinabottle.com\/fr\/wp-json\/wp\/v2\/product_tag?post=37876"}],"curies":[{"name":"wp","href":"https:\/\/api.w.org\/{rel}","templated":true}]}}