{"id":38107,"date":"2026-03-23T15:42:49","date_gmt":"2026-03-23T15:42:49","guid":{"rendered":"https:\/\/portoinabottle.com\/?post_type=product&#038;p=38107"},"modified":"2026-03-23T15:43:18","modified_gmt":"2026-03-23T15:43:18","slug":"alvarinho-infuse-copia","status":"publish","type":"product","link":"https:\/\/portoinabottle.com\/fr\/produit\/alvarinho-infuse-copia\/","title":{"rendered":"Alvarinho infus\u00e9 (C\u00f3pia)"},"content":{"rendered":"<p>Un vin \u00e0 la couleur agrume, un ar\u00f4me complexe et subtil avec des notes tropicales.<\/p>\n","protected":false},"excerpt":{"rendered":"<p>Alvarinho<\/p>\n","protected":false},"featured_media":37858,"comment_status":"open","ping_status":"closed","template":"","meta":[],"product_brand":[],"product_cat":[],"product_tag":[463],"class_list":{"0":"post-38107","1":"product","2":"type-product","3":"status-publish","4":"has-post-thumbnail","6":"product_tag-green-vin-vinho-vert","8":"first","9":"instock","10":"taxable","11":"shipping-taxable","12":"purchasable","13":"product-type-simple"},"_links":{"self":[{"href":"https:\/\/portoinabottle.com\/fr\/wp-json\/wp\/v2\/product\/38107","targetHints":{"allow":["GET"]}}],"collection":[{"href":"https:\/\/portoinabottle.com\/fr\/wp-json\/wp\/v2\/product"}],"about":[{"href":"https:\/\/portoinabottle.com\/fr\/wp-json\/wp\/v2\/types\/product"}],"replies":[{"embeddable":true,"href":"https:\/\/portoinabottle.com\/fr\/wp-json\/wp\/v2\/comments?post=38107"}],"wp:featuredmedia":[{"embeddable":true,"href":"https:\/\/portoinabottle.com\/fr\/wp-json\/wp\/v2\/media\/37858"}],"wp:attachment":[{"href":"https:\/\/portoinabottle.com\/fr\/wp-json\/wp\/v2\/media?parent=38107"}],"wp:term":[{"taxonomy":"product_brand","embeddable":true,"href":"https:\/\/portoinabottle.com\/fr\/wp-json\/wp\/v2\/product_brand?post=38107"},{"taxonomy":"product_cat","embeddable":true,"href":"https:\/\/portoinabottle.com\/fr\/wp-json\/wp\/v2\/product_cat?post=38107"},{"taxonomy":"product_tag","embeddable":true,"href":"https:\/\/portoinabottle.com\/fr\/wp-json\/wp\/v2\/product_tag?post=38107"}],"curies":[{"name":"wp","href":"https:\/\/api.w.org\/{rel}","templated":true}]}}